{"id":497,"date":"2019-07-06T14:29:28","date_gmt":"2019-07-06T14:29:28","guid":{"rendered":"http:\/\/dev.kodesolution.work\/personal\/j\/industryee\/demo\/?page_id=497"},"modified":"2021-08-17T11:42:05","modified_gmt":"2021-08-17T11:42:05","slug":"nase-sluzby","status":"publish","type":"page","link":"https:\/\/avaner.pl\/sk\/nase-sluzby\/","title":{"rendered":"Na\u0161e slu\u017eby"},"content":{"rendered":"<p>[vc_row full_width=&#8220;stretch_row&#8220; bg_type=&#8220;image&#8220; parallax_style=&#8220;vcpb-default&#8220; bg_image_new=&#8220;id^20913|url^http:\/\/avaner.eu\/wp-content\/uploads\/2021\/08\/industrial.jpg|caption^null|alt^null|title^industrial|description^null&#8220; bg_image_repeat=&#8220;no-repeat&#8220; bg_image_posiiton=&#8220;right bottom&#8220; enable_overlay=&#8220;enable_overlay_value&#8220; overlay_color=&#8220;rgba(255,255,255,0.85)&#8220; el_class=&#8220;bg-silver-light&#8220; paroller_image=&#8220;&#8220;][vc_column css=&#8220;.vc_custom_1552936383091{padding-top: 0px !important;}&#8220;][vc_row_inner][vc_column_inner width=&#8220;2\/3&#8243;]<h5 class=\"tm-sc tm-sc-line-with-text text-gray line-after-title  \">\r\n\t\r\n\t<span class=\"horizontal-text \" style=\"\">AVANER s.r.o.<\/span>\r\n\r\n\t<span class=\"horizontal-line  bg-theme-colored1\" style=\"\"><\/span>\r\n<\/h5>\r\n[vc_column_text el_class=&#8220;mb-15&#8243;]<\/p>\n<h2>\u010co pon\u00fakame?<\/h2>\n<p>[\/vc_column_text][vc_empty_space][\/vc_column_inner][vc_column_inner width=&#8220;1\/3&#8243;][\/vc_column_inner][\/vc_row_inner][vc_row_inner][vc_column_inner width=&#8220;1\/2&#8243;]\r\n<div class=\"tm-sc tm-sc-icon-box icon-box icon-left tm-iconbox-icontype-image iconbox-current-theme-style1 iconbox-style7-hover-moving-border text-left iconbox-box-shadow iconbox-default-padding iconbox-centered-in-responsive icon-position-icon-left   vc_custom_1629199892053\"  style=\"\">\r\n\t\r\n  \t<div class=\"icon-box-wrapper\">\r\n\t\t\t\t\t\t\t\t<a class=\"icon icon-type-image  icon-default   \" \r\n\t\t\t\r\n\t\t\t\t\t\t\t\t>\r\n\t\t\t<img src=\"https:\/\/avaner.pl\/wp-content\/uploads\/2021\/08\/avaner-favicon-150x150.png\" width=\"50\" alt=\"Image\">\t\t<\/a>\r\n\t\t\t\t<div class=\"icon-text\">\r\n\t\t\t\r\n\t\t\t\t<h4 class=\"icon-box-title \" >\r\n\t\t\t\t\t\t\tMont\u00e1\u017e oce\u013eov\u00fdch kon\u0161trukci\t\t\t\t\t<\/h4>\r\n\t\t\t\t\t\r\n\t\t\t<div class=\"content\"><\/div>\r\n\r\n\t\t\t\t\t<\/div>\r\n\t\t<div class=\"clearfix\"><\/div>\r\n\t<\/div>\r\n<\/div>[vc_empty_space][\/vc_column_inner][vc_column_inner width=&#8220;1\/2&#8243;]\r\n<div class=\"tm-sc tm-sc-icon-box icon-box icon-left tm-iconbox-icontype-image iconbox-current-theme-style1 iconbox-style7-hover-moving-border text-left iconbox-box-shadow iconbox-default-padding iconbox-centered-in-responsive icon-position-icon-left   vc_custom_1629199900457\"  style=\"\">\r\n\t\r\n  \t<div class=\"icon-box-wrapper\">\r\n\t\t\t\t\t\t\t\t<a class=\"icon icon-type-image  icon-default   \" \r\n\t\t\t\r\n\t\t\t\t\t\t\t\t>\r\n\t\t\t<img src=\"https:\/\/avaner.pl\/wp-content\/uploads\/2021\/08\/avaner-favicon-150x150.png\" width=\"50\" alt=\"Image\">\t\t<\/a>\r\n\t\t\t\t<div class=\"icon-text\">\r\n\t\t\t\r\n\t\t\t\t<h4 class=\"icon-box-title \" >\r\n\t\t\t\t\t\t\tMont\u00e1\u017e oce\u013eov\u00fdch kom\u00ednov\t\t\t\t\t<\/h4>\r\n\t\t\t\t\t\r\n\t\t\t<div class=\"content\"><\/div>\r\n\r\n\t\t\t\t\t<\/div>\r\n\t\t<div class=\"clearfix\"><\/div>\r\n\t<\/div>\r\n<\/div>[vc_empty_space][\/vc_column_inner][\/vc_row_inner][vc_row_inner][vc_column_inner width=&#8220;1\/2&#8243;]\r\n<div class=\"tm-sc tm-sc-icon-box icon-box icon-left tm-iconbox-icontype-image iconbox-current-theme-style1 iconbox-style7-hover-moving-border text-left iconbox-box-shadow iconbox-default-padding iconbox-centered-in-responsive icon-position-icon-left   vc_custom_1629199911685\"  style=\"\">\r\n\t\r\n  \t<div class=\"icon-box-wrapper\">\r\n\t\t\t\t\t\t\t\t<a class=\"icon icon-type-image  icon-default   \" \r\n\t\t\t\r\n\t\t\t\t\t\t\t\t>\r\n\t\t\t<img src=\"https:\/\/avaner.pl\/wp-content\/uploads\/2021\/08\/avaner-favicon-150x150.png\" width=\"50\" alt=\"Image\">\t\t<\/a>\r\n\t\t\t\t<div class=\"icon-text\">\r\n\t\t\t\r\n\t\t\t\t<h4 class=\"icon-box-title \" >\r\n\t\t\t\t\t\t\tDemont\u00e1\u017e oce\u013eov\u00fdch kom\u00ednov\t\t\t\t\t<\/h4>\r\n\t\t\t\t\t\r\n\t\t\t<div class=\"content\"><\/div>\r\n\r\n\t\t\t\t\t<\/div>\r\n\t\t<div class=\"clearfix\"><\/div>\r\n\t<\/div>\r\n<\/div>[vc_empty_space][\/vc_column_inner][vc_column_inner width=&#8220;1\/2&#8243;]\r\n<div class=\"tm-sc tm-sc-icon-box icon-box icon-left tm-iconbox-icontype-image iconbox-current-theme-style1 iconbox-style7-hover-moving-border text-left iconbox-box-shadow iconbox-default-padding iconbox-centered-in-responsive icon-position-icon-left   vc_custom_1629199924306\"  style=\"\">\r\n\t\r\n  \t<div class=\"icon-box-wrapper\">\r\n\t\t\t\t\t\t\t\t<a class=\"icon icon-type-image  icon-default   \" \r\n\t\t\t\r\n\t\t\t\t\t\t\t\t>\r\n\t\t\t<img src=\"https:\/\/avaner.pl\/wp-content\/uploads\/2021\/08\/avaner-favicon-150x150.png\" width=\"50\" alt=\"Image\">\t\t<\/a>\r\n\t\t\t\t<div class=\"icon-text\">\r\n\t\t\t\r\n\t\t\t\t<h4 class=\"icon-box-title \" >\r\n\t\t\t\t\t\t\tIn\u0161pekcia a oprava oce\u013eov\u00fdch kom\u00ednov\t\t\t\t\t<\/h4>\r\n\t\t\t\t\t\r\n\t\t\t<div class=\"content\"><\/div>\r\n\r\n\t\t\t\t\t<\/div>\r\n\t\t<div class=\"clearfix\"><\/div>\r\n\t<\/div>\r\n<\/div>[vc_empty_space][\/vc_column_inner][\/vc_row_inner][vc_row_inner][vc_column_inner width=&#8220;1\/2&#8243;]\r\n<div class=\"tm-sc tm-sc-icon-box icon-box icon-left tm-iconbox-icontype-image iconbox-current-theme-style1 iconbox-style7-hover-moving-border text-left iconbox-box-shadow iconbox-default-padding iconbox-centered-in-responsive icon-position-icon-left   vc_custom_1629199934791\"  style=\"\">\r\n\t\r\n  \t<div class=\"icon-box-wrapper\">\r\n\t\t\t\t\t\t\t\t<a class=\"icon icon-type-image  icon-default   \" \r\n\t\t\t\r\n\t\t\t\t\t\t\t\t>\r\n\t\t\t<img src=\"https:\/\/avaner.pl\/wp-content\/uploads\/2021\/08\/avaner-favicon-150x150.png\" width=\"50\" alt=\"Image\">\t\t<\/a>\r\n\t\t\t\t<div class=\"icon-text\">\r\n\t\t\t\r\n\t\t\t\t<h4 class=\"icon-box-title \" >\r\n\t\t\t\t\t\t\tPr\u00e1ce vo v\u00fd\u0161kach\t\t\t\t\t<\/h4>\r\n\t\t\t\t\t\r\n\t\t\t<div class=\"content\"><\/div>\r\n\r\n\t\t\t\t\t<\/div>\r\n\t\t<div class=\"clearfix\"><\/div>\r\n\t<\/div>\r\n<\/div>[vc_empty_space][\/vc_column_inner][vc_column_inner width=&#8220;1\/2&#8243;]\r\n<div class=\"tm-sc tm-sc-icon-box icon-box icon-left tm-iconbox-icontype-image iconbox-current-theme-style1 iconbox-style7-hover-moving-border text-left iconbox-box-shadow iconbox-default-padding iconbox-centered-in-responsive icon-position-icon-left   vc_custom_1629199947886\"  style=\"\">\r\n\t\r\n  \t<div class=\"icon-box-wrapper\">\r\n\t\t\t\t\t\t\t\t<a class=\"icon icon-type-image  icon-default   \" \r\n\t\t\t\r\n\t\t\t\t\t\t\t\t>\r\n\t\t\t<img src=\"https:\/\/avaner.pl\/wp-content\/uploads\/2021\/08\/avaner-favicon-150x150.png\" width=\"50\" alt=\"Image\">\t\t<\/a>\r\n\t\t\t\t<div class=\"icon-text\">\r\n\t\t\t\r\n\t\t\t\t<h4 class=\"icon-box-title \" >\r\n\t\t\t\t\t\t\tZv\u00e1rack\u00e9 a rezacie pr\u00e1ce\t\t\t\t\t<\/h4>\r\n\t\t\t\t\t\r\n\t\t\t<div class=\"content\"><\/div>\r\n\r\n\t\t\t\t\t<\/div>\r\n\t\t<div class=\"clearfix\"><\/div>\r\n\t<\/div>\r\n<\/div>[vc_empty_space][\/vc_column_inner][\/vc_row_inner][vc_row_inner][vc_column_inner width=&#8220;1\/2&#8243;]\r\n<div class=\"tm-sc tm-sc-icon-box icon-box icon-left tm-iconbox-icontype-image iconbox-current-theme-style1 iconbox-style7-hover-moving-border text-left iconbox-box-shadow iconbox-default-padding iconbox-centered-in-responsive icon-position-icon-left   vc_custom_1629199959451\"  style=\"\">\r\n\t\r\n  \t<div class=\"icon-box-wrapper\">\r\n\t\t\t\t\t\t\t\t<a class=\"icon icon-type-image  icon-default   \" \r\n\t\t\t\r\n\t\t\t\t\t\t\t\t>\r\n\t\t\t<img src=\"https:\/\/avaner.pl\/wp-content\/uploads\/2021\/08\/avaner-favicon-150x150.png\" width=\"50\" alt=\"Image\">\t\t<\/a>\r\n\t\t\t\t<div class=\"icon-text\">\r\n\t\t\t\r\n\t\t\t\t<h4 class=\"icon-box-title \" >\r\n\t\t\t\t\t\t\tRope access \u2013 zla\u0148ovanie\t\t\t\t\t<\/h4>\r\n\t\t\t\t\t\r\n\t\t\t<div class=\"content\"><\/div>\r\n\r\n\t\t\t\t\t<\/div>\r\n\t\t<div class=\"clearfix\"><\/div>\r\n\t<\/div>\r\n<\/div>[\/vc_column_inner][vc_column_inner width=&#8220;1\/2&#8243;]\r\n<div class=\"tm-sc tm-sc-icon-box icon-box icon-left tm-iconbox-icontype-image iconbox-current-theme-style1 iconbox-style7-hover-moving-border text-left iconbox-box-shadow iconbox-default-padding iconbox-centered-in-responsive icon-position-icon-left   vc_custom_1629199969372\"  style=\"\">\r\n\t\r\n  \t<div class=\"icon-box-wrapper\">\r\n\t\t\t\t\t\t\t\t<a class=\"icon icon-type-image  icon-default   \" \r\n\t\t\t\r\n\t\t\t\t\t\t\t\t>\r\n\t\t\t<img src=\"https:\/\/avaner.pl\/wp-content\/uploads\/2021\/08\/avaner-favicon-150x150.png\" width=\"50\" alt=\"Image\">\t\t<\/a>\r\n\t\t\t\t<div class=\"icon-text\">\r\n\t\t\t\r\n\t\t\t\t<h4 class=\"icon-box-title \" >\r\n\t\t\t\t\t\t\tZ\u00e1chrana vo v\u00fd\u0161kach\t\t\t\t\t<\/h4>\r\n\t\t\t\t\t\r\n\t\t\t<div class=\"content\"><\/div>\r\n\r\n\t\t\t\t\t<\/div>\r\n\t\t<div class=\"clearfix\"><\/div>\r\n\t<\/div>\r\n<\/div>[\/vc_column_inner][\/vc_row_inner][\/vc_column][\/vc_row]<\/p>\n","protected":false},"excerpt":{"rendered":"<p>[vc_row full_width=&#8220;stretch_row&#8220; bg_type=&#8220;image&#8220; parallax_style=&#8220;vcpb-default&#8220; bg_image_new=&#8220;id^20913|url^http:\/\/avaner.eu\/wp-content\/uploads\/2021\/08\/industrial.jpg|caption^null|alt^null|title^industrial|description^null&#8220; bg_image_repeat=&#8220;no-repeat&#8220; bg_image_posiiton=&#8220;right bottom&#8220; enable_overlay=&#8220;enable_overlay_value&#8220; overlay_color=&#8220;rgba(255,255,255,0.85)&#8220; el_class=&#8220;bg-silver-light&#8220; paroller_image=&#8220;&#8220;][vc_column css=&#8220;.vc_custom_1552936383091{padding-top: 0px !important;}&#8220;][vc_row_inner][vc_column_inner width=&#8220;2\/3&#8243;][vc_column_text el_class=&#8220;mb-15&#8243;] \u010co pon\u00fakame? [\/vc_column_text][vc_empty_space][\/vc_column_inner][vc_column_inner&#8230;<\/p>\n","protected":false},"author":1,"featured_media":0,"parent":0,"menu_order":0,"comment_status":"closed","ping_status":"closed","template":"","meta":[],"_links":{"self":[{"href":"https:\/\/avaner.pl\/sk\/wp-json\/wp\/v2\/pages\/497"}],"collection":[{"href":"https:\/\/avaner.pl\/sk\/wp-json\/wp\/v2\/pages"}],"about":[{"href":"https:\/\/avaner.pl\/sk\/wp-json\/wp\/v2\/types\/page"}],"author":[{"embeddable":true,"href":"https:\/\/avaner.pl\/sk\/wp-json\/wp\/v2\/users\/1"}],"replies":[{"embeddable":true,"href":"https:\/\/avaner.pl\/sk\/wp-json\/wp\/v2\/comments?post=497"}],"version-history":[{"count":31,"href":"https:\/\/avaner.pl\/sk\/wp-json\/wp\/v2\/pages\/497\/revisions"}],"predecessor-version":[{"id":20916,"href":"https:\/\/avaner.pl\/sk\/wp-json\/wp\/v2\/pages\/497\/revisions\/20916"}],"wp:attachment":[{"href":"https:\/\/avaner.pl\/sk\/wp-json\/wp\/v2\/media?parent=497"}],"curies":[{"name":"wp","href":"https:\/\/api.w.org\/{rel}","templated":true}]}}