{"id":468,"date":"2019-07-06T14:16:13","date_gmt":"2019-07-06T14:16:13","guid":{"rendered":"http:\/\/dev.kodesolution.work\/personal\/j\/industryee\/demo\/?page_id=468"},"modified":"2021-08-20T06:44:44","modified_gmt":"2021-08-20T06:44:44","slug":"o-nas","status":"publish","type":"page","link":"https:\/\/avaner.pl\/sk\/o-nas\/","title":{"rendered":"O n\u00e1s"},"content":{"rendered":"<p>[vc_row full_width=&#8220;stretch_row&#8220; bg_type=&#8220;image&#8220; parallax_style=&#8220;vcpb-default&#8220; bg_image_new=&#8220;id^240|url^http:\/\/wp.kodesolution.live\/corporate\/business\/industryee\/demo\/wp-content\/uploads\/sites\/2\/2019\/06\/circle-dot-bg.png|caption^null|alt^null|title^circle-dot-bg|description^null&#8220;][vc_column css=&#8220;.vc_custom_1561608198625{padding-top: 0px !important;}&#8220;]<div class=\"   tm-sc tm-sc-custom-columns-holder tm-cc-two-columns tm-cc-responsive-mode-768\"><div class=\"tm-sc tm-sc-custom-columns-holder-item     vc_custom_1561830218560\" data-item-class=\"industryee-mascot-custom-columns-421391\">\r\n\t\t<div class=\"item-inner\">\r\n\t\t<div class=\"item-content industryee-mascot-custom-columns-421391\" >\r\n\t\t\t[tmvc_element_holder paroller_enable=&#8220;true&#8220; bg_text=&#8220;1993&#8243; bg_text_style=&#8220;color: #f5f5f5;font-size: 15rem;line-height: 1;top: -85px;left: -38px;&#8220;][vc_custom_heading text=&#8220;O n\u00e1s&#8220; font_container=&#8220;tag:h5|text_align:left&#8220; use_theme_fonts=&#8220;yes&#8220; el_class=&#8220;mt-0 text-gray&#8220;][vc_column_text el_class=&#8220;mb-3&#8243;]<\/p>\n<h3>Rodina v\u017edy <span class=\"text-theme-colored1\">na prvom mieste<\/span><\/h3>\n<p>[\/vc_column_text][vc_column_text el_class=&#8220;mb-3&#8243;]<\/p>\n<h5>V roku 2000 si ma m\u00f4j otec zobral pod svoje ochrann\u00e9 kr\u00eddla a\u00a0za\u010dal ma pomaly za\u00fa\u010da\u0165 do svojho remesla. Za\u010diatky boli vzru\u0161uj\u00face, preto\u017ee pr\u00e1ca, ktor\u00fa sme v\u00a0tej dobe vykon\u00e1vali, \u00a0za\u010d\u00ednala a\u00a0kon\u010dila v\u00a0oblakoch. Ve\u013ea sme cestovali \u2013 pre\u0161li sme takmer v\u0161etky svetadiely, spoznali mno\u017estvo nov\u00fdch \u013eud\u00ed a\u00a0\u010darokr\u00e1snych miest. Boli to nezabudnute\u013en\u00e9 \u010dasy.<\/h5>\n<p>[\/vc_column_text][vc_column_text]Z\u00e1mo\u010dn\u00edcka pr\u00e1ca, mont\u00e1\u017e obrovsk\u00fdch elementov, v\u00fd\u0161kov\u00e9 pr\u00e1ce \u010di n\u00e1ro\u010dn\u00e1 obsluha stavebn\u00fdch strojov sa stali na\u0161ou ka\u017edodennou rutinou. Postupne sme pre\u0161li v\u0161etk\u00fdmi mo\u017en\u00fdmi poz\u00edciami, ok\u00fasili kari\u00e9rne vzostupy \u2013 boli sme mont\u00e9rmi, ved\u00facimi skupiny, superv\u00edzormi, ale i\u00a0mana\u017e\u00e9rmi, z\u00edskali sme sk\u00fasenosti s\u00a0pl\u00e1novan\u00edm rozsiahlych projektov, zostavovan\u00edm kalkul\u00e1ci\u00ed i\u00a0rozpo\u010dtov. V\u00a0roku 2021 sme sa v\u0161ak s\u00a0otcom napokon rozhodli zalo\u017ei\u0165 si svoje vlastn\u00e9 podnikanie a\u00a0uplatni\u0165 tak \u0161irok\u00e9 a\u00a0bohat\u00e9 sk\u00fasenosti z\u00a0na\u0161ej dlhoro\u010dnej praxe.[\/vc_column_text][vc_column_text el_class=&#8220;mb-3&#8243;]<\/p>\n<h5>Vydali sme sa vlastnou cestou, lebo chceme poskytova\u0165 slu\u017eby na najvy\u0161\u0161ej \u00farovni<\/h5>\n<p>[\/vc_column_text][vc_column_text]Po to\u013ek\u00fdch rokoch to s\u00edce nebolo \u013eahk\u00e9 rozhodovanie, ale opusti\u0165 firmu, ktor\u00e1 n\u00e1s doslova vychovala, bolo ist\u00fdm sp\u00f4sobom nevyhnutn\u00fdm krokom. Vydali sme sa na vlastn\u00fa cestu \u2013 l\u00e1kav\u00fa, zauj\u00edmav\u00fa a len a len na\u0161u. Tvor\u00edme na\u0161e nov\u00e9 \u00faspechy s \u013eu\u010fmi a partnermi, na ktor\u00fdch sa m\u00f4\u017eete spo\u013eahn\u00fa\u0165.[\/vc_column_text][vc_column_text el_class=&#8220;mb-3&#8243;]<\/p>\n<h5>Priezvisko na\u0161ej rodiny je z\u00e1rukou 100 % kvality a\u00a0istoty.<\/h5>\n<p>[\/vc_column_text][\/tmvc_element_holder]\t\t<\/div>\r\n\t<\/div>\r\n<\/div><div class=\"tm-sc tm-sc-custom-columns-holder-item tm-cc-horizontal-alignment-right   \" data-item-class=\"industryee-mascot-custom-columns-657594\">\r\n\t\t<div class=\"item-inner\">\r\n\t\t<div class=\"item-content industryee-mascot-custom-columns-657594\" >\r\n\t\t\t[vc_single_image image=&#8220;20879&#8243; img_size=&#8220;large&#8220; el_class=&#8220;mb-0 tm-item-appear-clip-path mt-sm-30&#8243;]\t\t<\/div>\r\n\t<\/div>\r\n<\/div><\/div>[\/vc_column][\/vc_row]<\/p>\n","protected":false},"excerpt":{"rendered":"<p>[vc_row full_width=&#8220;stretch_row&#8220; bg_type=&#8220;image&#8220; parallax_style=&#8220;vcpb-default&#8220; bg_image_new=&#8220;id^240|url^http:\/\/wp.kodesolution.live\/corporate\/business\/industryee\/demo\/wp-content\/uploads\/sites\/2\/2019\/06\/circle-dot-bg.png|caption^null|alt^null|title^circle-dot-bg|description^null&#8220;][vc_column css=&#8220;.vc_custom_1561608198625{padding-top: 0px !important;}&#8220;][\/vc_column][\/vc_row]<\/p>\n","protected":false},"author":1,"featured_media":0,"parent":0,"menu_order":0,"comment_status":"closed","ping_status":"closed","template":"","meta":[],"_links":{"self":[{"href":"https:\/\/avaner.pl\/sk\/wp-json\/wp\/v2\/pages\/468"}],"collection":[{"href":"https:\/\/avaner.pl\/sk\/wp-json\/wp\/v2\/pages"}],"about":[{"href":"https:\/\/avaner.pl\/sk\/wp-json\/wp\/v2\/types\/page"}],"author":[{"embeddable":true,"href":"https:\/\/avaner.pl\/sk\/wp-json\/wp\/v2\/users\/1"}],"replies":[{"embeddable":true,"href":"https:\/\/avaner.pl\/sk\/wp-json\/wp\/v2\/comments?post=468"}],"version-history":[{"count":18,"href":"https:\/\/avaner.pl\/sk\/wp-json\/wp\/v2\/pages\/468\/revisions"}],"predecessor-version":[{"id":20884,"href":"https:\/\/avaner.pl\/sk\/wp-json\/wp\/v2\/pages\/468\/revisions\/20884"}],"wp:attachment":[{"href":"https:\/\/avaner.pl\/sk\/wp-json\/wp\/v2\/media?parent=468"}],"curies":[{"name":"wp","href":"https:\/\/api.w.org\/{rel}","templated":true}]}}