{"id":21217,"date":"2021-09-06T06:52:47","date_gmt":"2021-09-06T06:52:47","guid":{"rendered":"https:\/\/avaner.eu\/?page_id=21217"},"modified":"2021-09-06T06:55:44","modified_gmt":"2021-09-06T06:55:44","slug":"cookies","status":"publish","type":"page","link":"https:\/\/avaner.pl\/sk\/cookies\/","title":{"rendered":"Cookies"},"content":{"rendered":"<p>[vc_row][vc_column][vc_column_text]<\/p>\n<h1>S\u00fabory cookie<\/h1>\n<p>S cie\u013eom zabezpe\u010di\u0165 riadne fungovanie tejto webovej lokality uklad\u00e1me niekedy na va\u0161om zariaden\u00ed mal\u00e9 d\u00e1tov\u00e9 s\u00fabory, tzv. cookie. Je to be\u017en\u00e1 prax v\u00e4\u010d\u0161iny ve\u013ek\u00fdch webov\u00fdch lokal\u00edt.<\/p>\n<h2>\u010co s\u00fa s\u00fabory cookie?<\/h2>\n<p>S\u00fabor cookie je mal\u00fd textov\u00fd s\u00fabor, ktor\u00fd webov\u00e1 lokalita uklad\u00e1 vo va\u0161om po\u010d\u00edta\u010di alebo mobilnom zariaden\u00ed pri jej prehliadan\u00ed. V\u010faka tomuto s\u00faboru si webov\u00e1 lokalita na ur\u010dit\u00fd \u010das uchov\u00e1va inform\u00e1cie o va\u0161ich krokoch a preferenci\u00e1ch (ako s\u00fa prihlasovacie meno, jazyk, ve\u013ekos\u0165 p\u00edsma a in\u00e9 nastavenia zobrazovania), tak\u017ee ich pri \u010fal\u0161ej n\u00e1v\u0161teve lokality alebo prehliadan\u00ed jej jednotliv\u00fdch str\u00e1nok nemus\u00edte op\u00e4tovne uv\u00e1dza\u0165.<\/p>\n<h2>Ako pou\u017e\u00edvame s\u00fabory cookie?<\/h2>\n<p>Rad na\u0161ich str\u00e1nok pou\u017e\u00edva s\u00fabory cookie, aby sme uchovali:<\/p>\n<ul>\n<li>va\u0161e preferencie zobrazenia, napr\u00edklad nastavenia kontrastu farieb alebo ve\u013ekosti p\u00edsma;<\/li>\n<li>skuto\u010dnos\u0165, \u017ee ste u\u017e odpovedali na prieskum zobrazuj\u00faci sa v samostatnom okne (pop-up), prostredn\u00edctvom ktor\u00e9ho m\u00f4\u017eete vyjadri\u0165 svoj n\u00e1zor na obsah str\u00e1nky (nebude sa op\u00e4tovne zobrazova\u0165);<\/li>\n<li>skuto\u010dnos\u0165, \u010di ste s\u00fahlasili (alebo nes\u00fahlasili) s t\u00fdm, aby sme vyu\u017e\u00edvali s\u00fabory cookie na tejto webovej lokalite.<\/li>\n<li>Rovnako niektor\u00e9 vide\u00e1, ktor\u00e9 s\u00fa s\u00fa\u010das\u0165ou na\u0161ich str\u00e1nok, pou\u017e\u00edvaj\u00fa s\u00fabory cookie na anonymn\u00fd zber \u0161tatistick\u00fdch \u00fadajov o tom, ako ste sa tam dostali a ktor\u00e9 videoklipy ste si pozreli.<\/li>\n<\/ul>\n<p>S\u00fabory cookies uklad\u00e1 aj\u00a0<a href=\"https:\/\/ec.europa.eu\/info\/privacy-policy\/europa-analytics_sk\">Europa Analytics<\/a>\u00a0\u2013 slu\u017eba Eur\u00f3pskej komisie, ktor\u00e1 meria efektivitu a \u00fa\u010dinnos\u0165 webov\u00fdch str\u00e1nok na port\u00e1li EUROPA.<\/p>\n<p>Povolenie pou\u017eitia s\u00faborov cookie nie je nevyhnutne potrebn\u00e9 na spr\u00e1vne fungovanie webovej lokality, ale poskytne v\u00e1m to lep\u0161\u00ed pou\u017e\u00edvate\u013esk\u00fd komfort pri pr\u00e1ci s \u0148ou. S\u00fabory cookie m\u00f4\u017eete vymaza\u0165 alebo zablokova\u0165. V takomto pr\u00edpade sa v\u0161ak m\u00f4\u017ee sta\u0165, \u017ee ur\u010dit\u00e9 funkcionality webovej lokality nebud\u00fa fungova\u0165 tak, ako by mali.<\/p>\n<p>Inform\u00e1cie ukladan\u00e9 v s\u00faboroch cookie\u00a0sa nepou\u017eij\u00fa na va\u0161u osobn\u00fa identifik\u00e1ciu\u00a0a \u0161trukt\u00fara \u00fadajov je plne pod na\u0161ou kontrolou. S\u00fabory cookie sa nepou\u017e\u00edvaj\u00fa na in\u00e9 \u00fa\u010dely ako tie, ktor\u00e9 s\u00fa uveden\u00e9 v tomto texte.<\/p>\n<h2>Ako kontrolova\u0165 s\u00fabory cookie<\/h2>\n<p>S\u00fabory cookie m\u00f4\u017eete\u00a0<strong>kontrolova\u0165 a\/alebo zmaza\u0165<\/strong>\u00a0pod\u013ea uv\u00e1\u017eenia \u2013 podrobnosti si pozrite na str\u00e1nke\u00a0<span>aboutcookies.org<\/span>. M\u00f4\u017eete vymaza\u0165 v\u0161etky s\u00fabory cookie ulo\u017een\u00e9 vo svojom po\u010d\u00edta\u010di a v\u00e4\u010d\u0161inu prehliada\u010dov m\u00f4\u017eete nastavi\u0165 tak, aby ste im znemo\u017enili ich ukladanie. V takomto pr\u00edpade v\u0161ak pravdepodobne budete musie\u0165 pri ka\u017edej n\u00e1v\u0161teve webovej lokality manu\u00e1lne upravova\u0165 niektor\u00e9 nastavenia a niektor\u00e9 slu\u017eby a funkcie nebud\u00fa fungova\u0165.<\/p>\n<p>[\/vc_column_text][vc_column_text]<\/p>\n<h1>\u0160ifrovanie SSL a zabezpe\u010denie va\u0161ich osobn\u00fdch \u00fadajov<\/h1>\n<p>K zaisteniu v\u00e4\u010d\u0161ieho bezpe\u010dia a zamedzeniu pr\u00edstupu tret\u00edch os\u00f4b k va\u0161im osobn\u00fdm \u00fadajom, pou\u017e\u00edvame k\u00f3dovanie. Protokol SSL (Secure Socket Layer) pren\u00e1\u0161a z\u00edskan\u00e9 osobn\u00e9 \u00fadaje v \u0161ifrovanej forme a z\u00e1rove\u0148 overuje ich autenticitu, aby sme predch\u00e1dzali ne\u017eelan\u00e9mu zneu\u017e\u00edvaniu d\u00e1t tret\u00edmi osobami. \u0160ifrovanie pomocou protokolu SSL \u013eahko identifikujete v stavovom riadku v\u00e1\u0161ho prehliada\u010da, kde sa objavuje vo forme ikony zavret\u00e9ho z\u00e1mku a pr\u00edslu\u0161n\u00e1 webov\u00e1 adresa za\u010d\u00edna skratkou https.<\/p>\n<h1>Kontaktn\u00fd a rezerva\u010dn\u00fd formul\u00e1r<\/h1>\n<p>Kontaktova\u0165 na\u0161u spolo\u010dnos\u0165\u00a0 m\u00f4\u017eete pomocou kontaktn\u00e9ho a rezerva\u010dn\u00e9ho formul\u00e1ra uveden\u00e9ho na na\u0161ej webovej str\u00e1nke v \u010dasti kontakt. Va\u0161e osobn\u00e9 \u00fadaje uklad\u00e1me a vyu\u017e\u00edvame len za \u00fa\u010delom op\u00e4tovn\u00e9ho nadviazania kontaktu. Osobn\u00e9 \u00fadaje, ktor\u00e9 z\u00edskavame prostredn\u00edctvom kontaktn\u00e9ho formul\u00e1ra s\u00fa: meno, priezvisko a e-mail.<\/p>\n<p>[\/vc_column_text][vc_empty_space][\/vc_column][\/vc_row]<\/p>\n","protected":false},"excerpt":{"rendered":"<p>[vc_row][vc_column][vc_column_text] S\u00fabory cookie S cie\u013eom zabezpe\u010di\u0165 riadne fungovanie tejto webovej lokality uklad\u00e1me niekedy na va\u0161om zariaden\u00ed mal\u00e9 d\u00e1tov\u00e9 s\u00fabory, tzv&#8230;.<\/p>\n","protected":false},"author":1,"featured_media":0,"parent":0,"menu_order":0,"comment_status":"closed","ping_status":"closed","template":"","meta":[],"_links":{"self":[{"href":"https:\/\/avaner.pl\/sk\/wp-json\/wp\/v2\/pages\/21217"}],"collection":[{"href":"https:\/\/avaner.pl\/sk\/wp-json\/wp\/v2\/pages"}],"about":[{"href":"https:\/\/avaner.pl\/sk\/wp-json\/wp\/v2\/types\/page"}],"author":[{"embeddable":true,"href":"https:\/\/avaner.pl\/sk\/wp-json\/wp\/v2\/users\/1"}],"replies":[{"embeddable":true,"href":"https:\/\/avaner.pl\/sk\/wp-json\/wp\/v2\/comments?post=21217"}],"version-history":[{"count":3,"href":"https:\/\/avaner.pl\/sk\/wp-json\/wp\/v2\/pages\/21217\/revisions"}],"predecessor-version":[{"id":21220,"href":"https:\/\/avaner.pl\/sk\/wp-json\/wp\/v2\/pages\/21217\/revisions\/21220"}],"wp:attachment":[{"href":"https:\/\/avaner.pl\/sk\/wp-json\/wp\/v2\/media?parent=21217"}],"curies":[{"name":"wp","href":"https:\/\/api.w.org\/{rel}","templated":true}]}}