{"id":20941,"date":"2021-08-17T12:47:46","date_gmt":"2021-08-17T12:47:46","guid":{"rendered":"https:\/\/avaner.eu\/?page_id=20941"},"modified":"2021-08-17T13:25:46","modified_gmt":"2021-08-17T13:25:46","slug":"referencie","status":"publish","type":"page","link":"https:\/\/avaner.pl\/sk\/referencie\/","title":{"rendered":"Referencie"},"content":{"rendered":"<p>[vc_row full_width=&#8220;stretch_row&#8220; bg_type=&#8220;image&#8220; parallax_style=&#8220;vcpb-default&#8220; bg_image_new=&#8220;id^20913|url^http:\/\/avaner.eu\/wp-content\/uploads\/2021\/08\/industrial.jpg|caption^null|alt^null|title^industrial|description^null&#8220; bg_image_repeat=&#8220;no-repeat&#8220; bg_image_posiiton=&#8220;right bottom&#8220; enable_overlay=&#8220;enable_overlay_value&#8220; overlay_color=&#8220;rgba(255,255,255,0.85)&#8220; el_class=&#8220;bg-silver-light&#8220; paroller_image=&#8220;&#8220;][vc_column css=&#8220;.vc_custom_1552936383091{padding-top: 0px !important;}&#8220;][vc_row_inner][vc_column_inner width=&#8220;2\/3&#8243;]<h5 class=\"tm-sc tm-sc-line-with-text text-gray line-after-title  \">\r\n\t\r\n\t<span class=\"horizontal-text \" style=\"\">AVANER s.r.o.<\/span>\r\n\r\n\t<span class=\"horizontal-line  bg-theme-colored1\" style=\"\"><\/span>\r\n<\/h5>\r\n[vc_column_text el_class=&#8220;mb-15&#8243;]<\/p>\n<h2>Na\u0161e pr\u00e1ce<\/h2>\n<p>[\/vc_column_text][vc_empty_space][\/vc_column_inner][vc_column_inner width=&#8220;1\/3&#8243;][\/vc_column_inner][\/vc_row_inner][vc_row_inner][vc_column_inner]\r\n<div class=\"tm-sc tm-sc-icon-box icon-box icon-left tm-iconbox-icontype-image iconbox-current-theme-style1 iconbox-style7-hover-moving-border text-left iconbox-box-shadow iconbox-default-padding iconbox-centered-in-responsive icon-position-icon-left   vc_custom_1629206064028\"  style=\"\">\r\n\t\r\n  \t<div class=\"icon-box-wrapper\">\r\n\t\t\t\t\t\t\t\t<a class=\"icon icon-type-image  icon-default   \" \r\n\t\t\t\r\n\t\t\t\t\t\t\t\t>\r\n\t\t\t<img src=\"https:\/\/avaner.pl\/wp-content\/uploads\/2021\/08\/avaner-favicon-150x150.png\" width=\"50\" alt=\"Image\">\t\t<\/a>\r\n\t\t\t\t<div class=\"icon-text\">\r\n\t\t\t\r\n\t\t\t\t<h4 class=\"icon-box-title \" >\r\n\t\t\t\t\t\t\tTepl\u00e1rne Mn\u00edchov Nemecko\t\t\t\t\t<\/h4>\r\n\t\t\t\t\t\r\n\t\t\t<div class=\"content\"><p>Mont\u00e1\u017e novej vn\u00fatornej vlo\u017eky: v\u00fd\u0161ka 100 metrov, priemer 7 metrov.<br \/>\nSekcion boli transportovan\u00e9 v mal\u00fdch \u010dastiach, na stavbe kompleta\u017e a mont\u00e1\u017e do bet\u00f3nov\u00e9ho kom\u00edna.<\/p>\n<p>Trvanie 2 mesiace pre 6 \u010dlenn\u00fa skupinu zvara\u010dou a mont\u00e1\u017enikov.<\/p>\n<\/div>\r\n\r\n\t\t\t\t\t<\/div>\r\n\t\t<div class=\"clearfix\"><\/div>\r\n\t<\/div>\r\n<\/div>[vc_empty_space][\/vc_column_inner][vc_column_inner][vc_gallery type=&#8220;image_grid&#8220; images=&#8220;20957,20960,20963,20966,20969,20972&#8243; img_size=&#8220;500&#215;350&#8243;][vc_separator color=&#8220;custom&#8220; border_width=&#8220;3&#8243; el_width=&#8220;10&#8243; accent_color=&#8220;#ed1c24&#8243;][\/vc_column_inner][\/vc_row_inner][vc_row_inner][vc_column_inner]\r\n<div class=\"tm-sc tm-sc-icon-box icon-box icon-left tm-iconbox-icontype-image iconbox-current-theme-style1 iconbox-style7-hover-moving-border text-left iconbox-box-shadow iconbox-default-padding iconbox-centered-in-responsive icon-position-icon-left   vc_custom_1629206690498\"  style=\"\">\r\n\t\r\n  \t<div class=\"icon-box-wrapper\">\r\n\t\t\t\t\t\t\t\t<a class=\"icon icon-type-image  icon-default   \" \r\n\t\t\t\r\n\t\t\t\t\t\t\t\t>\r\n\t\t\t<img src=\"https:\/\/avaner.pl\/wp-content\/uploads\/2021\/08\/avaner-favicon-150x150.png\" width=\"50\" alt=\"Image\">\t\t<\/a>\r\n\t\t\t\t<div class=\"icon-text\">\r\n\t\t\t\r\n\t\t\t\t<h4 class=\"icon-box-title \" >\r\n\t\t\t\t\t\t\tKlient Roockwol v\u00fdrobca izol\u00e1cii Po\u013esko\t\t\t\t\t<\/h4>\r\n\t\t\t\t\t\r\n\t\t\t<div class=\"content\"><p>2x 100m priemer 3 metre ka\u017ed\u00fd kom\u00edn sa skladal \u0161 5 sekcii.<\/p>\n<p>3x mont\u00e1\u017enici trvanie mont\u00e1\u017eu 10 dn\u00ed.<\/p>\n<\/div>\r\n\r\n\t\t\t\t\t<\/div>\r\n\t\t<div class=\"clearfix\"><\/div>\r\n\t<\/div>\r\n<\/div>[vc_empty_space][\/vc_column_inner][vc_column_inner][vc_gallery type=&#8220;image_grid&#8220; images=&#8220;20983,20986,20989&#8243; img_size=&#8220;500&#215;350&#8243;][vc_separator color=&#8220;custom&#8220; border_width=&#8220;3&#8243; el_width=&#8220;10&#8243; accent_color=&#8220;#ed1c24&#8243;][\/vc_column_inner][\/vc_row_inner][vc_row_inner][vc_column_inner]\r\n<div class=\"tm-sc tm-sc-icon-box icon-box icon-left tm-iconbox-icontype-image iconbox-current-theme-style1 iconbox-style7-hover-moving-border text-left iconbox-box-shadow iconbox-default-padding iconbox-centered-in-responsive icon-position-icon-left   vc_custom_1629206491268\"  style=\"\">\r\n\t\r\n  \t<div class=\"icon-box-wrapper\">\r\n\t\t\t\t\t\t\t\t<a class=\"icon icon-type-image  icon-default   \" \r\n\t\t\t\r\n\t\t\t\t\t\t\t\t>\r\n\t\t\t<img src=\"https:\/\/avaner.pl\/wp-content\/uploads\/2021\/08\/avaner-favicon-150x150.png\" width=\"50\" alt=\"Image\">\t\t<\/a>\r\n\t\t\t\t<div class=\"icon-text\">\r\n\t\t\t\r\n\t\t\t\t<h4 class=\"icon-box-title \" >\r\n\t\t\t\t\t\t\tVar\u0161ava Po\u013esko EDF energetika - Tepl\u00e1rne\t\t\t\t\t<\/h4>\r\n\t\t\t\t\t\r\n\t\t\t<div class=\"content\"><p>Mont\u00e1\u017e 3x 70 metrov\u00fdch kom\u00ednov spojen\u00fdch medzi sebou emisn\u00fdmi plo\u0161inami.<br \/>\nV\u00fd\u0161ka 70 metrov, priemer 3 metre. Ka\u017ed\u00fd kom\u00edn mal 3 sekcii.<\/p>\n<p>Mont\u00e1\u017e trvala 10 dn\u00ed pre 3 \u010dlenn\u00fa pos\u00e1dku.<\/p>\n<\/div>\r\n\r\n\t\t\t\t\t<\/div>\r\n\t\t<div class=\"clearfix\"><\/div>\r\n\t<\/div>\r\n<\/div>[vc_empty_space][\/vc_column_inner][vc_column_inner][vc_gallery type=&#8220;image_grid&#8220; images=&#8220;20976,20979&#8243; img_size=&#8220;500&#215;350&#8243;][\/vc_column_inner][\/vc_row_inner][\/vc_column][\/vc_row]<\/p>\n","protected":false},"excerpt":{"rendered":"<p>[vc_row full_width=&#8220;stretch_row&#8220; bg_type=&#8220;image&#8220; parallax_style=&#8220;vcpb-default&#8220; bg_image_new=&#8220;id^20913|url^http:\/\/avaner.eu\/wp-content\/uploads\/2021\/08\/industrial.jpg|caption^null|alt^null|title^industrial|description^null&#8220; bg_image_repeat=&#8220;no-repeat&#8220; bg_image_posiiton=&#8220;right bottom&#8220; enable_overlay=&#8220;enable_overlay_value&#8220; overlay_color=&#8220;rgba(255,255,255,0.85)&#8220; el_class=&#8220;bg-silver-light&#8220; paroller_image=&#8220;&#8220;][vc_column css=&#8220;.vc_custom_1552936383091{padding-top: 0px !important;}&#8220;][vc_row_inner][vc_column_inner width=&#8220;2\/3&#8243;][vc_column_text el_class=&#8220;mb-15&#8243;] Na\u0161e pr\u00e1ce [\/vc_column_text][vc_empty_space][\/vc_column_inner][vc_column_inner&#8230;<\/p>\n","protected":false},"author":1,"featured_media":0,"parent":0,"menu_order":0,"comment_status":"closed","ping_status":"closed","template":"","meta":[],"_links":{"self":[{"href":"https:\/\/avaner.pl\/sk\/wp-json\/wp\/v2\/pages\/20941"}],"collection":[{"href":"https:\/\/avaner.pl\/sk\/wp-json\/wp\/v2\/pages"}],"about":[{"href":"https:\/\/avaner.pl\/sk\/wp-json\/wp\/v2\/types\/page"}],"author":[{"embeddable":true,"href":"https:\/\/avaner.pl\/sk\/wp-json\/wp\/v2\/users\/1"}],"replies":[{"embeddable":true,"href":"https:\/\/avaner.pl\/sk\/wp-json\/wp\/v2\/comments?post=20941"}],"version-history":[{"count":18,"href":"https:\/\/avaner.pl\/sk\/wp-json\/wp\/v2\/pages\/20941\/revisions"}],"predecessor-version":[{"id":20992,"href":"https:\/\/avaner.pl\/sk\/wp-json\/wp\/v2\/pages\/20941\/revisions\/20992"}],"wp:attachment":[{"href":"https:\/\/avaner.pl\/sk\/wp-json\/wp\/v2\/media?parent=20941"}],"curies":[{"name":"wp","href":"https:\/\/api.w.org\/{rel}","templated":true}]}}