{"id":19314,"date":"2019-08-26T15:34:37","date_gmt":"2019-08-26T15:34:37","guid":{"rendered":"http:\/\/wp.kodesolution.live\/corporate\/business\/industryee\/demo\/?page_id=19314"},"modified":"2022-01-17T11:17:39","modified_gmt":"2022-01-17T11:17:39","slug":"index-multipage-layout1","status":"publish","type":"page","link":"https:\/\/avaner.pl\/sk\/","title":{"rendered":"Domov"},"content":{"rendered":"<p>[vc_row css=&#8220;.vc_custom_1567605220833{padding-bottom: 0px !important;}&#8220; paroller_image=&#8220;&#8220; el_class=&#8220;mt-responsive&#8211;200 pt-sm-0 z-index-2&#8243;][vc_column][vc_row_inner equal_height=&#8220;yes&#8220; el_class=&#8220;padding-top-20&#8243;][vc_column_inner section_typo=&#8220;section-typo-light&#8220; el_class=&#8220;bg-theme-colored1&#8243; width=&#8220;1\/3&#8243; css=&#8220;.vc_custom_1564316211931{padding-top: 0px !important;padding-right: 0px !important;padding-bottom: 0px !important;padding-left: 0px !important;}&#8220;]\r\n<div class=\"tm-sc tm-sc-icon-box icon-box icon-left tm-iconbox-icontype-image text-left iconbox-centered-in-responsive icon-position-icon-left   vc_custom_1629266196155\"  style=\"\">\r\n\t\r\n  \t<div class=\"icon-box-wrapper\">\r\n\t\t\t\t\t\t\t\t<a class=\"icon icon-type-image  icon-default   text-white\" \r\n\t\t\t\r\n\t\t\t\t\t\t\t\t>\r\n\t\t\t<img src=\"https:\/\/avaner.pl\/wp-content\/uploads\/2021\/08\/avaner-favicon-white.png\" width=\"75\" alt=\"Image\">\t\t<\/a>\r\n\t\t\t\t<div class=\"icon-text\">\r\n\t\t\t\r\n\t\t\t\t<h4 class=\"icon-box-title mt-0 mb-10\" >\r\n\t\t\t\t\t\t\tProfesion\u00e1lne remeslo\t\t\t\t\t<\/h4>\r\n\t\t\t\t\t\r\n\t\t\t<div class=\"content\"><\/div>\r\n\r\n\t\t\t\t\t<\/div>\r\n\t\t<div class=\"clearfix\"><\/div>\r\n\t<\/div>\r\n<\/div>[\/vc_column_inner][vc_column_inner section_typo=&#8220;section-typo-light&#8220; el_class=&#8220;bg-theme-colored2&#8243; width=&#8220;1\/3&#8243; css=&#8220;.vc_custom_1564175804163{padding-top: 0px !important;padding-right: 0px !important;padding-bottom: 0px !important;padding-left: 0px !important;}&#8220;]\r\n<div class=\"tm-sc tm-sc-icon-box icon-box icon-left tm-iconbox-icontype-image text-left iconbox-centered-in-responsive icon-position-icon-left   vc_custom_1629266158499\"  style=\"\">\r\n\t\r\n  \t<div class=\"icon-box-wrapper\">\r\n\t\t\t\t\t\t\t\t<a class=\"icon icon-type-image  icon-default   text-white\" \r\n\t\t\t\r\n\t\t\t\t\t\t\t\t>\r\n\t\t\t<img src=\"https:\/\/avaner.pl\/wp-content\/uploads\/2021\/08\/avaner-favicon.png\" width=\"75\" alt=\"Image\">\t\t<\/a>\r\n\t\t\t\t<div class=\"icon-text\">\r\n\t\t\t\r\n\t\t\t\t<h4 class=\"icon-box-title mt-0 mb-10\" >\r\n\t\t\t\t\t\t\tDlhoro\u010dn\u00e1 prax\t\t\t\t\t<\/h4>\r\n\t\t\t\t\t\r\n\t\t\t<div class=\"content\"><\/div>\r\n\r\n\t\t\t\t\t<\/div>\r\n\t\t<div class=\"clearfix\"><\/div>\r\n\t<\/div>\r\n<\/div>[\/vc_column_inner][vc_column_inner section_typo=&#8220;section-typo-light&#8220; el_class=&#8220;bg-theme-colored1&#8243; width=&#8220;1\/3&#8243; css=&#8220;.vc_custom_1564175828634{padding-top: 0px !important;padding-right: 0px !important;padding-bottom: 0px !important;padding-left: 0px !important;}&#8220;]\r\n<div class=\"tm-sc tm-sc-icon-box icon-box icon-left tm-iconbox-icontype-image text-left iconbox-centered-in-responsive icon-position-icon-left   vc_custom_1629266204620\"  style=\"\">\r\n\t\r\n  \t<div class=\"icon-box-wrapper\">\r\n\t\t\t\t\t\t\t\t<a class=\"icon icon-type-image  icon-default   text-white\" \r\n\t\t\t\r\n\t\t\t\t\t\t\t\t>\r\n\t\t\t<img src=\"https:\/\/avaner.pl\/wp-content\/uploads\/2021\/08\/avaner-favicon-white.png\" width=\"75\" alt=\"Image\">\t\t<\/a>\r\n\t\t\t\t<div class=\"icon-text\">\r\n\t\t\t\r\n\t\t\t\t<h4 class=\"icon-box-title mt-0 mb-10\" >\r\n\t\t\t\t\t\t\tOveren\u00e1 kvalita\t\t\t\t\t<\/h4>\r\n\t\t\t\t\t\r\n\t\t\t<div class=\"content\"><\/div>\r\n\r\n\t\t\t\t\t<\/div>\r\n\t\t<div class=\"clearfix\"><\/div>\r\n\t<\/div>\r\n<\/div>[\/vc_column_inner][\/vc_row_inner][\/vc_column][\/vc_row][vc_row full_width=&#8220;stretch_row&#8220; paroller_image=&#8220;&#8220;][vc_column css=&#8220;.vc_custom_1561608198625{padding-top: 0px !important;}&#8220;][vc_row_inner content_placement=&#8220;middle&#8220;][vc_column_inner offset=&#8220;vc_col-lg-6&#8243;][tmvc_element_holder css=&#8220;.vc_custom_1566486869403{background-image: url(http:\/\/wp.kodesolution.live\/corporate\/business\/industryee\/demo\/wp-content\/uploads\/sites\/2\/2019\/08\/dot-pattern.png?id=19098) !important;background-position: 0 0 !important;background-repeat: no-repeat !important;}&#8220; custom_css_class=&#8220;mb-lg-30&#8243;]<h5 class=\"tm-sc tm-sc-line-with-text text-gray line-after-title  \">\r\n\t\r\n\t<span class=\"horizontal-text \" style=\"\">AVANER s.r.o.<\/span>\r\n\r\n\t<span class=\"horizontal-line  bg-theme-colored1\" style=\"\"><\/span>\r\n<\/h5>\r\n[vc_column_text el_class=&#8220;mb-4&#8243;]<\/p>\n<h2>Ako to cel\u00e9 za\u010dalo&#8230;<\/h2>\n<p>[\/vc_column_text][vc_column_text]P\u00edsal sa rok 1993, po p\u00e1de \u017eeleznej opony sa naskytla mo\u017enos\u0165 vycestova\u0165 za hranice. Odv\u00e1\u017eny krok do nezn\u00e1ma a\u00a0v\u00fdzva pre m\u00f4jho otca, ktor\u00fd v\u00a0tej dobe neovl\u00e1dal \u017eiaden cudz\u00ed jazyk. Ako zv\u00e1ra\u010d a potrub\u00e1r dostal ponuku od d\u00e1nskej spolo\u010dnosti Steelcon A\/S pracova\u0165 v\u00a0nemeckom Braunschweigu v\u00a0tepl\u00e1rni ako dod\u00e1vate\u013e. Po ukon\u010den\u00ed projektu ho op\u00e4\u0165 oslovili a\u00a0pon\u00fakli mu poz\u00edciu na hlavn\u00fd pracovn\u00fd pomer v prest\u00ed\u017enej d\u00e1nskej firme. Tak za\u010dala jeho \u00faspe\u0161n\u00e1 kari\u00e9ra v\u00a0profesii mont\u00e9ra a\u00a0zv\u00e1ra\u010da. Postupne za\u010dal cestova\u0165 po celej Eur\u00f3pe a\u00a0nadob\u00fada\u0165 neocenite\u013en\u00e9 sk\u00fasenosti v\u00a0obore.[\/vc_column_text]<div class=\"tm-sc tm-sc-button  \">\r\n\t<a  href=\"https:\/\/avaner.eu\/o-nas\/\" \r\n\t\ttarget=\"_self\"\r\n\t\tclass=\"btn btn-theme-colored1 btn-flat\">\r\n\t\t\t\t\u010c\u00edta\u0165 viac\t\t\t<\/a>\r\n<\/div>[\/tmvc_element_holder][\/vc_column_inner][vc_column_inner offset=&#8220;vc_col-lg-6&#8243;][tmvc_element_holder css=&#8220;.vc_custom_1566456590545{background-image: url(http:\/\/wp.kodesolution.live\/corporate\/business\/industryee\/demo\/wp-content\/uploads\/sites\/2\/2019\/08\/dot-pattern.png?id=19098) !important;background-position: 0 0 !important;background-repeat: no-repeat !important;}&#8220; element_holder_text_style=&#8220;border: 8px solid #fff;&#8220;][vc_single_image image=&#8220;21004&#8243; img_size=&#8220;full&#8220; alignment=&#8220;center&#8220;][\/tmvc_element_holder][\/vc_column_inner][\/vc_row_inner][\/vc_column][\/vc_row][vc_row full_width=&#8220;stretch_row_content_no_spaces&#8220; css=&#8220;.vc_custom_1533620729538{padding-top: 0px !important;padding-bottom: 0px !important;}&#8220;][vc_column css=&#8220;.vc_custom_1557511099918{padding-top: 0px !important;}&#8220;]<div class=\"   vc_custom_1629201072977 tm-sc tm-sc-custom-columns-holder tm-cc-two-columns tm-cc-responsive-mode-1024\"><div class=\"tm-sc tm-sc-custom-columns-holder-item   bg-img-left  vc_custom_1629273473409\" data-item-class=\"industryee-mascot-custom-columns-925214\" data-1199-down=\"80px 10% 60px 10%\">\r\n\t\t<div class=\"item-inner\">\r\n\t\t<div class=\"item-content industryee-mascot-custom-columns-925214\" style=\"padding: 80px 80px 60px 0px\">\r\n\t\t\t[vc_empty_space][vc_empty_space]<div class=\"tm-sc tm-sc-section-title section-title section-title-style1 text-left     vc_custom_1629273313145\">\r\n\t<div class=\"title-wrapper\">\r\n\t\t\t\t\t\t<h2 class=\"title text-white\" >\r\n\r\n\t\t\r\n\t\t\t\t<span class=\"\">AVANER s.r.o.<\/span>\r\n\t\t\r\n\t\t\r\n\t\t\r\n\t<\/h2>\r\n\t<div class=\"title-seperator-line\"><\/div>\t\t\t\r\n\t\t\t\t<div class=\"paragraph\">\r\n\t\t<h3><span style=\"color: #ed1d24\">Smart Steel Solutions<\/span><\/h3>\n<p>Profesion\u00e1lne remeslo, dlhoro\u010dn\u00e1 prax a 100 % overen\u00e1 kvalita<\/p>\n\t<\/div>\r\n\t\t<\/div>\r\n<\/div>[vc_empty_space]<div class=\"tm-sc tm-sc-button  \">\r\n\t<a  href=\"https:\/\/avaner.eu\/nase-sluzby\/\" \r\n\t\ttarget=\"_self\"\r\n\t\tclass=\"btn btn-theme-colored1 btn-flat\">\r\n\t\t\t\tNa\u0161e slu\u017eby\t\t\t<\/a>\r\n<\/div>[vc_empty_space][vc_empty_space]\t\t<\/div>\r\n\t<\/div>\r\n<\/div><div class=\"tm-sc tm-sc-custom-columns-holder-item     vc_custom_1629201694944\" data-item-class=\"industryee-mascot-custom-columns-278226\">\r\n\t\t<div class=\"item-inner\">\r\n\t\t<div class=\"item-content industryee-mascot-custom-columns-278226\" style=\"padding: 0\">\r\n\t\t\t[vc_empty_space height=&#8220;250px&#8220;]\t\t<\/div>\r\n\t<\/div>\r\n<\/div><\/div>[\/vc_column][\/vc_row]<\/p>\n","protected":false},"excerpt":{"rendered":"<p>[vc_row css=&#8220;.vc_custom_1567605220833{padding-bottom: 0px !important;}&#8220; paroller_image=&#8220;&#8220; el_class=&#8220;mt-responsive&#8211;200 pt-sm-0 z-index-2&#8243;][vc_column][vc_row_inner equal_height=&#8220;yes&#8220; el_class=&#8220;padding-top-20&#8243;][vc_column_inner section_typo=&#8220;section-typo-light&#8220; el_class=&#8220;bg-theme-colored1&#8243; width=&#8220;1\/3&#8243; css=&#8220;.vc_custom_1564316211931{padding-top: 0px !important;padding-right: 0px !important;padding-bottom: 0px !important;padding-left:&#8230;<\/p>\n","protected":false},"author":1,"featured_media":0,"parent":0,"menu_order":0,"comment_status":"closed","ping_status":"closed","template":"","meta":[],"_links":{"self":[{"href":"https:\/\/avaner.pl\/sk\/wp-json\/wp\/v2\/pages\/19314"}],"collection":[{"href":"https:\/\/avaner.pl\/sk\/wp-json\/wp\/v2\/pages"}],"about":[{"href":"https:\/\/avaner.pl\/sk\/wp-json\/wp\/v2\/types\/page"}],"author":[{"embeddable":true,"href":"https:\/\/avaner.pl\/sk\/wp-json\/wp\/v2\/users\/1"}],"replies":[{"embeddable":true,"href":"https:\/\/avaner.pl\/sk\/wp-json\/wp\/v2\/comments?post=19314"}],"version-history":[{"count":66,"href":"https:\/\/avaner.pl\/sk\/wp-json\/wp\/v2\/pages\/19314\/revisions"}],"predecessor-version":[{"id":21266,"href":"https:\/\/avaner.pl\/sk\/wp-json\/wp\/v2\/pages\/19314\/revisions\/21266"}],"wp:attachment":[{"href":"https:\/\/avaner.pl\/sk\/wp-json\/wp\/v2\/media?parent=19314"}],"curies":[{"name":"wp","href":"https:\/\/api.w.org\/{rel}","templated":true}]}}